{"id":7,"date":"2025-09-10T06:39:27","date_gmt":"2025-09-10T06:39:27","guid":{"rendered":"https:\/\/xn--yazlmkesi-57a95db51d.com.tr\/?page_id=7"},"modified":"2026-01-09T09:05:53","modified_gmt":"2026-01-09T09:05:53","slug":"ana-sayfa","status":"publish","type":"page","link":"https:\/\/yazilimkosesi.com.tr\/","title":{"rendered":"Ana Sayfa"},"content":{"rendered":"\n<div class=\"wp-block-cover alignfull is-light\" style=\"min-height:720px;aspect-ratio:unset;\"><span aria-hidden=\"true\" class=\"wp-block-cover__background has-background-dim-100 has-background-dim has-background-gradient\" style=\"background:linear-gradient(35deg,rgb(6,0,151) 0%,rgb(130,4,255) 73%,rgb(193,15,255) 100%)\"><\/span><div class=\"wp-block-cover__inner-container is-layout-flow wp-block-cover-is-layout-flow\">\n<div class=\"inherit-container-width wp-block-group alignwide is-layout-constrained wp-block-group-is-layout-constrained\">\n<div class=\"wp-block-media-text alignwide has-media-on-the-right is-stacked-on-mobile is-vertically-aligned-center has-luminous-vivid-orange-background-color has-background\" style=\"grid-template-columns:auto 43%\"><div class=\"wp-block-media-text__content\">\n<h5 class=\"wp-block-heading has-text-align-left has-white-color has-text-color\">\u201cHayal Edin, Biz Ger\u00e7ekle\u015ftirelim.\u201d<\/h5>\n\n\n\n<p class=\"has-white-color has-text-color\"><strong>Ho\u015f Geldiniz!<\/strong><br>Biz, modern teknolojiyi i\u015finize ve hayat\u0131n\u0131za ta\u015f\u0131yan bir yaz\u0131l\u0131m ekibiyiz. Profesyonel olarak <strong>web site tasar\u0131m\u0131, mobil uygulama geli\u015ftirme ve \u00f6zel yaz\u0131l\u0131m \u00e7\u00f6z\u00fcmleri<\/strong> \u00fcretiyoruz.<\/p>\n\n\n\n<p class=\"has-white-color has-text-color\">Amac\u0131m\u0131z, markan\u0131z\u0131 dijital k\u00f6\u015fesinde  en iyi \u015fekilde temsil etmek ve size kullan\u0131c\u0131 dostu, h\u0131zl\u0131 ve g\u00fcvenilir \u00e7\u00f6z\u00fcmler sunmakt\u0131r. \u0130htiyac\u0131n\u0131za \u00f6zel projeler geli\u015ftiriyor, hayallerinizi ger\u00e7e\u011fe d\u00f6n\u00fc\u015ft\u00fcr\u00fcyoruz.<\/p>\n\n\n\n<div class=\"wp-block-buttons is-layout-flex wp-block-buttons-is-layout-flex\">\n<div class=\"wp-block-button\"><a class=\"wp-block-button__link wp-element-button\" href=\"#\">0551 340 59 24<\/a><\/div>\n<\/div>\n<\/div><figure class=\"wp-block-media-text__media\"><img decoding=\"async\" src=\"https:\/\/yazilimkosesi.com.tr\/wp-content\/themes\/astra\/inc\/assets\/images\/starter-content\/hero-img.svg\" alt=\"\" class=\"wp-image-118 size-full\"\/><\/figure><\/div>\n<\/div>\n<\/div><\/div>\n\n\n\n<div class=\"wp-block-group alignfull has-ast-global-color-5-background-color has-background is-layout-constrained wp-container-core-group-is-layout-9cedb757 wp-block-group-is-layout-constrained\" style=\"padding-bottom:0px\">\n<div class=\"wp-block-columns are-vertically-aligned-top is-layout-flex wp-container-core-columns-is-layout-00723822 wp-block-columns-is-layout-flex\">\n<div class=\"wp-block-column is-vertically-aligned-top is-layout-flow wp-container-core-column-is-layout-6b73ce23 wp-block-column-is-layout-flow\">\n<h3 class=\"wp-block-heading has-text-align-left\" style=\"margin-top:16px\">\ud83c\udf10 Web Site Tasar\u0131m\u0131<\/h3>\n\n\n\n<p class=\"has-text-align-left\">Markan\u0131z\u0131 en iyi \u015fekilde yans\u0131tan, modern ve kullan\u0131c\u0131 dostu web siteleri tasarl\u0131yoruz. Mobil uyumlu ve h\u0131zl\u0131 yap\u0131s\u0131yla ziyaret\u00e7ilerinize profesyonel bir deneyim sunuyoruz.<\/p>\n<\/div>\n\n\n\n<div class=\"wp-block-column is-vertically-aligned-top is-layout-flow wp-container-core-column-is-layout-6b73ce23 wp-block-column-is-layout-flow\">\n<h5 class=\"wp-block-heading has-text-align-left\" style=\"margin-top:16px\">\ud83d\udcf1 Mobil Uygulama Geli\u015ftirme<\/h5>\n\n\n\n<p class=\"has-text-align-left\">iOS ve Android platformlar\u0131 i\u00e7in ihtiya\u00e7lar\u0131n\u0131za \u00f6zel mobil uygulamalar geli\u015ftiriyoruz. Kullan\u0131c\u0131 odakl\u0131, pratik ve yenilik\u00e7i \u00e7\u00f6z\u00fcmlerle markan\u0131z\u0131 dijitale ta\u015f\u0131yoruz.<\/p>\n<\/div>\n\n\n\n<div class=\"wp-block-column is-vertically-aligned-top is-layout-flow wp-container-core-column-is-layout-6b73ce23 wp-block-column-is-layout-flow\">\n<h3 class=\"wp-block-heading has-text-align-left\" style=\"margin-top:16px\">\ud83c\udfa8 Grafik Tasar\u0131m<\/h3>\n\n\n\n<p>Markan\u0131z i\u00e7in yarat\u0131c\u0131 ve \u00f6zg\u00fcn grafik tasar\u0131m hizmetleri sunuyoruz. Logo, kurumsal kimlik, sosyal medya g\u00f6rselleri ve daha fazlas\u0131yla profesyonel bir imaj olu\u015fturuyoruz.<\/p>\n<\/div>\n\n\n\n<div class=\"wp-block-column is-vertically-aligned-top is-layout-flow wp-container-core-column-is-layout-6b73ce23 wp-block-column-is-layout-flow\">\n<h3 class=\"wp-block-heading has-text-align-left\" style=\"margin-top:16px\">\ud83c\udfa8 Grafik Tasar\u0131m<\/h3>\n\n\n\n<p class=\"has-text-align-left\">Markan\u0131z i\u00e7in yarat\u0131c\u0131 ve \u00f6zg\u00fcn grafik tasar\u0131m hizmetleri sunuyoruz. Logo, kurumsal kimlik, sosyal medya g\u00f6rselleri ve daha fazlas\u0131yla profesyonel bir imaj olu\u015fturuyoruz.<\/p>\n<\/div>\n<\/div>\n<\/div>\n\n\n\n<div class=\"wp-block-group alignfull has-ast-global-color-5-background-color has-background is-layout-constrained wp-container-core-group-is-layout-94d206d0 wp-block-group-is-layout-constrained\" id=\"about\" style=\"padding-top:143px;padding-bottom:144px\">\n<div class=\"wp-block-media-text has-media-on-the-right is-stacked-on-mobile is-vertically-aligned-center\"><div class=\"wp-block-media-text__content\">\n<div class=\"inherit-container-width wp-block-group is-layout-constrained wp-container-core-group-is-layout-47ce07ec wp-block-group-is-layout-constrained\" style=\"padding-right:80px\">\n<h2 class=\"wp-block-heading\" style=\"padding-right:40px\">\ud83d\udccc Hakk\u0131m\u0131zda<\/h2>\n\n\n\n<p>Biz, dijital k\u00f6\u015fesinde  markalar\u0131n ihtiya\u00e7lar\u0131na \u00f6zel \u00e7\u00f6z\u00fcmler geli\u015ftiren bir yaz\u0131l\u0131m ekibiyiz. Profesyonel olarak <strong>web site tasar\u0131m\u0131, mobil uygulama geli\u015ftirme ve \u00f6zel yaz\u0131l\u0131m projeleri<\/strong> \u00fcretiyoruz.<\/p>\n\n\n\n<p>Amac\u0131m\u0131z, i\u015fletmelerin dijitalde g\u00fc\u00e7l\u00fc bir varl\u0131k g\u00f6stermesini sa\u011flamak, kullan\u0131c\u0131 dostu ve yenilik\u00e7i \u00e7\u00f6z\u00fcmlerle i\u015f s\u00fcre\u00e7lerini kolayla\u015ft\u0131rmakt\u0131r. Her projede kaliteyi, g\u00fcvenilirli\u011fi ve m\u00fc\u015fteri memnuniyetini \u00f6n planda tutuyoruz.<\/p>\n\n\n\n<p>Yarat\u0131c\u0131 fikirleri modern teknolojilerle birle\u015ftiriyor, hayallerinizi ger\u00e7e\u011fe d\u00f6n\u00fc\u015ft\u00fcr\u00fcyoruz.<\/p>\n<\/div>\n<\/div><figure class=\"wp-block-media-text__media\"><img decoding=\"async\" src=\"https:\/\/yazilimkosesi.com.tr\/wp-content\/themes\/astra\/inc\/assets\/images\/starter-content\/about-us.jpg\" alt=\"\" class=\"wp-image-237 size-full\"\/><\/figure><\/div>\n<\/div>\n\n\n\n<div class=\"wp-block-group alignfull has-ast-global-color-4-background-color has-background is-layout-constrained wp-container-core-group-is-layout-6a2cfb7b wp-block-group-is-layout-constrained\" id=\"reviews\">\n<p class=\"has-text-align-center\" style=\"font-size:22px;line-height:1.6\">\ud83d\udccc Neden Bizi Se\u00e7melisiniz?<\/p>\n\n\n\n<p class=\"has-text-align-center\" style=\"font-size:22px;line-height:1.6\"><\/p>\n\n\n\n<p>\u2705 <strong>Profesyonel \u00c7\u00f6z\u00fcmler:<\/strong> Web site, mobil uygulama ve \u00f6zel yaz\u0131l\u0131m geli\u015ftirmede uzman ekibimizle hizmet veriyoruz.<\/p>\n\n\n\n<p>\u2705 <strong>\u00d6zg\u00fcn ve Modern Tasar\u0131mlar:<\/strong> Markan\u0131z\u0131 dijital d\u00fcnyada en iyi \u015fekilde yans\u0131tan kullan\u0131c\u0131 dostu projeler \u00fcretiyoruz.<\/p>\n\n\n\n<p>\u2705 <strong>H\u0131zl\u0131 ve G\u00fcvenilir Hizmet:<\/strong> Projelerinizi zaman\u0131nda teslim ediyor, sorunsuz bir s\u00fcre\u00e7 y\u00f6netimi sa\u011fl\u0131yoruz.<\/p>\n\n\n\n<p>\u2705 <strong>M\u00fc\u015fteri Odakl\u0131 Yakla\u015f\u0131m:<\/strong> \u0130htiya\u00e7lar\u0131n\u0131za \u00f6zel \u00e7\u00f6z\u00fcmler \u00fcretiyor, her a\u015famada yan\u0131n\u0131zda oluyoruz.<\/p>\n<\/div>\n\n\n\n<div class=\"wp-block-group alignfull has-luminous-vivid-amber-to-luminous-vivid-orange-gradient-background has-background is-layout-constrained wp-container-core-group-is-layout-cfcca693 wp-block-group-is-layout-constrained\" id=\"contact\" style=\"padding-top:104px;padding-bottom:104px\">\n<h2 class=\"wp-block-heading has-text-align-center has-text-color\" style=\"color:#ffffff\">\ud83d\udcde \u0130leti\u015fim<\/h2>\n\n\n\n<p>Web site, mobil uygulama ve \u00f6zel yaz\u0131l\u0131m projeleriniz i\u00e7in bizimle hemen ileti\u015fime ge\u00e7in.<\/p>\n\n\n\n<p class=\"has-text-align-center\">\ud83d\udcf1 <strong>Telefon \/ WhatsApp<\/strong>: 0551 340 59 24<br>\ud83d\udce7 <strong>E-Posta:<\/strong> batuhanstc11@gmail.com<br>\ud83d\udccd <strong>Adres \/ Hizmet B\u00f6lgesi:<\/strong> adnan  kahveci  cad  bari\u015f  mah   kap\u0131 no 20  daire 24  beylikd\u00fcz\u00fc  istanbul <\/p>\n\n\n\n<p class=\"has-text-align-center\">yetkili  batuhan mahmut s\u00fctc\u00fc  0536 337 48 06<br>\ud83c\udf10 <strong>Instagram:<\/strong> @yazilimsitesi<\/p>\n\n\n\n<div class=\"wp-block-buttons alignwide is-horizontal is-content-justification-center is-layout-flex wp-container-core-buttons-is-layout-bba8380a wp-block-buttons-is-layout-flex\" style=\"margin-top:50px\">\n<div class=\"wp-block-button\"><a class=\"wp-block-button__link wp-element-button\">0551 340 59 24<\/a><\/div>\n<\/div>\n<\/div>\n","protected":false},"excerpt":{"rendered":"<p>\ud83c\udf10 Web Site Tasar\u0131m\u0131 Markan\u0131z\u0131 en iyi \u015fekilde yans\u0131tan, modern ve kullan\u0131c\u0131 dostu web siteleri tasarl\u0131yoruz. Mobil uyumlu ve h\u0131zl\u0131 [&hellip;]<\/p>\n","protected":false},"author":1,"featured_media":0,"parent":0,"menu_order":0,"comment_status":"closed","ping_status":"closed","template":"","meta":{"site-sidebar-layout":"no-sidebar","site-content-layout":"plain-container","ast-site-content-layout":"default","site-content-style":"default","site-sidebar-style":"default","ast-global-header-display":"","ast-banner-title-visibility":"","ast-main-header-display":"","ast-hfb-above-header-display":"","ast-hfb-below-header-display":"","ast-hfb-mobile-header-display":"","site-post-title":"disabled","ast-breadcrumbs-content":"","ast-featured-img":"","footer-sml-layout":"","theme-transparent-header-meta":"enabled","adv-header-id-meta":"","stick-header-meta":"","header-above-stick-meta":"","header-main-stick-meta":"","header-below-stick-meta":"","astra-migrate-meta-layouts":"default","ast-page-background-enabled":"default","ast-page-background-meta":{"desktop":{"background-color":"var(--ast-global-color-5)","background-image":"","background-repeat":"repeat","background-position":"center center","background-size":"auto","background-attachment":"scroll","background-type":"","background-media":"","overlay-type":"","overlay-color":"","overlay-opacity":"","overlay-gradient":""},"tablet":{"background-color":"","background-image":"","background-repeat":"repeat","background-position":"center center","background-size":"auto","background-attachment":"scroll","background-type":"","background-media":"","overlay-type":"","overlay-color":"","overlay-opacity":"","overlay-gradient":""},"mobile":{"background-color":"","background-image":"","background-repeat":"repeat","background-position":"center center","background-size":"auto","background-attachment":"scroll","background-type":"","background-media":"","overlay-type":"","overlay-color":"","overlay-opacity":"","overlay-gradient":""}},"ast-content-background-meta":{"desktop":{"background-color":"var(--ast-global-color-4)","background-image":"","background-repeat":"repeat","background-position":"center center","background-size":"auto","background-attachment":"scroll","background-type":"","background-media":"","overlay-type":"","overlay-color":"","overlay-opacity":"","overlay-gradient":""},"tablet":{"background-color":"var(--ast-global-color-4)","background-image":"","background-repeat":"repeat","background-position":"center center","background-size":"auto","background-attachment":"scroll","background-type":"","background-media":"","overlay-type":"","overlay-color":"","overlay-opacity":"","overlay-gradient":""},"mobile":{"background-color":"var(--ast-global-color-4)","background-image":"","background-repeat":"repeat","background-position":"center center","background-size":"auto","background-attachment":"scroll","background-type":"","background-media":"","overlay-type":"","overlay-color":"","overlay-opacity":"","overlay-gradient":""}},"footnotes":""},"class_list":["post-7","page","type-page","status-publish","hentry"],"_links":{"self":[{"href":"https:\/\/yazilimkosesi.com.tr\/index.php?rest_route=\/wp\/v2\/pages\/7","targetHints":{"allow":["GET"]}}],"collection":[{"href":"https:\/\/yazilimkosesi.com.tr\/index.php?rest_route=\/wp\/v2\/pages"}],"about":[{"href":"https:\/\/yazilimkosesi.com.tr\/index.php?rest_route=\/wp\/v2\/types\/page"}],"author":[{"embeddable":true,"href":"https:\/\/yazilimkosesi.com.tr\/index.php?rest_route=\/wp\/v2\/users\/1"}],"replies":[{"embeddable":true,"href":"https:\/\/yazilimkosesi.com.tr\/index.php?rest_route=%2Fwp%2Fv2%2Fcomments&post=7"}],"version-history":[{"count":10,"href":"https:\/\/yazilimkosesi.com.tr\/index.php?rest_route=\/wp\/v2\/pages\/7\/revisions"}],"predecessor-version":[{"id":34,"href":"https:\/\/yazilimkosesi.com.tr\/index.php?rest_route=\/wp\/v2\/pages\/7\/revisions\/34"}],"wp:attachment":[{"href":"https:\/\/yazilimkosesi.com.tr\/index.php?rest_route=%2Fwp%2Fv2%2Fmedia&parent=7"}],"curies":[{"name":"wp","href":"https:\/\/api.w.org\/{rel}","templated":true}]}}